{"id":2760,"date":"2025-12-01T07:25:28","date_gmt":"2025-12-01T00:25:28","guid":{"rendered":"https:\/\/greenchemsupply.bzz.vn\/?page_id=2760"},"modified":"2025-12-02T20:05:24","modified_gmt":"2025-12-02T13:05:24","slug":"lich-su-hinh-thanh","status":"publish","type":"page","link":"https:\/\/greenchemsupply.com\/vi\/lich-su-hinh-thanh\/","title":{"rendered":"L\u1ecbch s\u1eed h\u00ecnh th\u00e0nh"},"content":{"rendered":"<p><b>C\u00f3 tr\u1ee5 s\u1edf ch\u00ednh \u0111\u01b0\u1ee3c \u0111\u1eb7t t\u1ea1i Ph\u00e1p, SNF l\u00e0 nh\u00e0 s\u1ea3n xu\u1ea5t polyacrylamide l\u1edbn nh\u1ea5t th\u1ebf gi\u1edb<\/b><span style=\"font-weight: 400\">i<\/span><\/p>\n<p><span style=\"font-weight: 400\">C\u00e1c polyme tan trong n\u01b0\u1edbc \u0111\u01b0\u1ee3c s\u1eed d\u1ee5ng trong s\u1ea3n xu\u1ea5t n\u01b0\u1edbc u\u1ed1ng, x\u1eed l\u00fd n\u01b0\u1edbc th\u1ea3i, t\u0103ng c\u01b0\u1eddng ph\u1ee5c h\u1ed3i d\u1ea7u, khai th\u00e1c kho\u00e1ng s\u1ea3n, l\u00e0m gi\u1ea5y,trong n\u00f4ng nghi\u1ec7p, d\u1ec7t may v\u00e0 m\u1ef9 ph\u1ea9m. SNF hi\u1ec7n c\u00f3 kh\u00e1ch h\u00e0ng t\u1ea1i h\u01a1n 130 qu\u1ed1c gia.\u00a0<\/span><span style=\"font-weight: 400\">T\u1eadp \u0111o\u00e0n SNF bao g\u1ed3m c\u00e1c c\u00f4ng ty con v\u00e0 c\u00f4ng ty li\u00ean doanh \u1edf h\u01a1n 30 qu\u1ed1c gia v\u00e0 \u0111i\u1ec1u h\u00e0nh 23 \u0111\u1ecba \u0111i\u1ec3m s\u1ea3n xu\u1ea5t \u1edf ch\u00e2u \u00c2u, ch\u00e2u \u00c1, \u00dac v\u00e0 Ch\u00e2u M\u1ef9.\u00a0<\/span><\/p>\n<p><b>SNF c\u00f3 m\u1ed9t ph\u1ea1m vi r\u1ed9ng l\u1edbn v\u1ec1 ph\u00e2n kh\u00fac c\u00e1c s\u1ea3n ph\u1ea9m v\u1edbi h\u01a1n 1000 t\u00e0i li\u1ec7u tham kh\u1ea3o v\u00e0 tung ra kho\u1ea3ng 100 s\u1ea3n ph\u1ea9m m\u1edbi m\u1ed7i n\u0103m nh\u1edd v\u00e0o s\u1ef1 \u0111\u1ea7u t\u01b0 kh\u00f4ng ng\u1eebng v\u1ec1 \u0111\u1ea7u t\u01b0 nghi\u00ean c\u1ee9u v\u00e0 ph\u00e1t tri\u1ec3n<\/b><span style=\"font-weight: 400\">\u00a0<\/span><\/p>\n<p><span style=\"font-weight: 400\">Ng\u01b0\u1eddi ti\u00ean phong trong s\u1ea3n xu\u1ea5t v\u00e0 ch\u1ebf bi\u1ebfn polyme tan trong n\u01b0\u1edbc, SNF \u0111\u00e3 ph\u00e1t tri\u1ec3n m\u1ed9t ph\u00e2n kh\u00fac h\u01a1n 1.000 s\u1ea3n ph\u1ea9m gi\u00fap b\u1ea3o t\u1ed3n t\u00e0i nguy\u00ean thi\u00ean nhi\u00ean, khuy\u1ebfn kh\u00edch t\u00e1i ch\u1ebf v\u00e0 n\u00e2ng cao hi\u1ec7u qu\u1ea3 c\u1ee7a qu\u00e1 tr\u00ecnh c\u00f4ng nghi\u1ec7p. Polyme c\u1ee7a ch\u00fang t\u00f4i c\u00f3 m\u1ed9t s\u1ed1 ch\u1ee9c n\u0103ng b\u1ed5 sung: keo t\u1ee5, cho ph\u00e9p c\u00e1c ch\u1ea5t r\u1eafn \u0111\u01b0\u1ee3c t\u00e1ch ra t\u1eeb c\u00e1c ch\u1ea5t l\u1ecfng, t\u0103ng \u0111\u1ed9 nh\u1edbt v\u00e0 gi\u1ea3m ma s\u00e1t.<\/span><span style=\"font-weight: 400\">S\u1ea3n ph\u1ea9m c\u1ee7a ch\u00fang t\u00f4i \u0111\u01b0\u1ee3c s\u1eed d\u1ee5ng trong t\u1ea5t c\u1ea3 c\u00e1c l\u0129nh v\u1ef1c, trong \u0111\u00f3 c\u00f3 n\u01b0\u1edbc: s\u1ea3n xu\u1ea5t n\u01b0\u1edbc u\u1ed1ng, x\u1eed l\u00fd n\u01b0\u1edbc th\u1ea3i, m\u00e1y \u00e9p b\u00f9n, khai th\u00e1c d\u1ea7u kh\u00ed, khai kho\u00e1ng, n\u00f4ng nghi\u1ec7p v\u00e0 s\u1ea3n xu\u1ea5t gi\u1ea5y, d\u1ec7t may v\u00e0 c\u00e1c ch\u1ebf ph\u1ea9m m\u1ef9 ph\u1ea9m.\u00a0<\/span><\/p>\n<p><b>M\u1ed9t chi\u1ebfn l\u01b0\u1ee3c l\u00e2u d\u00e0i v\u1edbi k\u1ebft qu\u1ea3 mang t\u00ednh thuy\u1ebft ph\u1ee5c <\/b><span style=\"font-weight: 400\">\u00a0<\/span><\/p>\n<p><span style=\"font-weight: 400\">K\u1ec3 t\u1eeb khi SNF \u0111\u01b0\u1ee3c th\u00e0nh l\u1eadp, ch\u00fang t\u00f4i kh\u00f4ng ng\u1eebng t\u00ecm t\u00f2i \u0111\u1ec3 cung c\u1ea5p cho kh\u00e1ch h\u00e0ng c\u00e1c ph\u00e2n kh\u00fac \u0111a d\u1ea1ng nh\u1ea5t c\u1ee7a polyme v\u00e0 c\u00e1c d\u1ecbch v\u1ee5 li\u00ean quan \u1edf tr\u00ean th\u1ecb tr\u01b0\u1eddng. Ch\u00fang t\u00f4i c\u0169ng cung c\u1ea5p chu\u1ed7i cung \u1ee9ng v\u1edbi ch\u1ea5t l\u01b0\u1ee3ng v\u00e0 m\u1ee9c gi\u00e1 c\u1ea3 ph\u00f9 h\u1ee3p \u0111\u00e1p \u1ee9ng v\u1edbi m\u1ee5c ti\u00eau n\u0103ng su\u1ea5t. \u0110\u1ec3 \u0111\u1ea1t \u0111\u01b0\u1ee3c \u0111i\u1ec1u n\u00e0y, ch\u00fang t\u00f4i \u0111\u00e3 ph\u00e1t tri\u1ec3n m\u1ed9t chi\u1ebfn l\u01b0\u1ee3c d\u00e0i h\u1ea1n t\u1eadp trung v\u00e0o vi\u1ec7c \u0111\u1ed5i m\u1edbi v\u00e0 \u0111\u1ea7u t\u01b0. SNF duy tr\u00ec chi ph\u00ed cao v\u1ec1 Nghi\u00ean c\u1ee9u v\u00e0 Ph\u00e1t tri\u1ec3n b\u00ean c\u1ea1nh s\u1ef1 \u0111\u1ea7u t\u01b0 li\u00ean t\u1ee5c trong vi\u1ec7c c\u1ea3i thi\u1ec7n v\u00e0 m\u1edf r\u1ed9ng \u0111\u1ecba \u0111i\u1ec3m s\u1ea3n xu\u1ea5t.<\/span><\/p>\n<p><b>SNF hi\u1ec7n nay chi\u1ebfm g\u1ea7n m\u1ed9t n\u1eeda s\u1ea3n l\u01b0\u1ee3ng polyacrylamide to\u00e0n c\u1ea7u, nh\u1ea5n m\u1ea1nh \u0111\u01b0\u1ee3c t\u00ednh hi\u1ec7u qu\u1ea3 c\u1ee7a ch\u00ednh s\u00e1ch \u0111\u1ed5i m\u1edbi v\u00e0 \u0111\u1ea7u t\u01b0 \u0111\u00e3 \u0111\u1ec1 ra<\/b><\/p>\n<h2><span style=\"font-weight: 400\">L\u1ecbch s\u1eed theo d\u00f2ng s\u1ef1 ki\u1ec7n<\/span><\/h2>\n<p><b>1968<\/b><span style=\"font-weight: 400\">\u00a0<\/span><\/p>\n<p><span style=\"font-weight: 400\">Streichenberger chuy\u1ec3n vi\u1ec7c kinh doanh c\u1ee7a Oziol t\u1ea1i Saint-\u00c9tienne t\u1eeb\u00a0 kinh doanh than \u0111\u00e1 \u0111\u1ebfn kinh doanh ch\u1ea5t k\u1ebft t\u1ee7a \u0111\u1ec3 x\u1eed l\u00fd n\u01b0\u1edbc.<\/span><\/p>\n<p><span style=\"font-weight: 400\">Ch\u1ea5t k\u1ebft b\u00f4ng + StreichenbERGER = FLOERGER.\u00a0 M\u1ed9t th\u01b0\u01a1ng hi\u1ec7u m\u1edbi \u0111\u01b0\u1ee3c t\u1ea1o ra t\u1eeb \u0111\u00e2y<\/span><\/p>\n<p><b>1978<\/b><span style=\"font-weight: 400\">\u00a0<\/span><\/p>\n<p><span style=\"font-weight: 400\">SNF \u0111\u01b0\u1ee3c th\u00e0nh l\u1eadp. C\u00f4ng ty \u0111\u01b0\u1ee3c mua nhi\u1ec1u l\u1ea7n, l\u1ea7n \u0111\u1ea7u ti\u00ean b\u1edfi BP &#8211; Ph\u00e1p, sau \u0111\u00f3 b\u1edfi WR Grace. Sau 8 d\u1ef1 \u00e1n kh\u00f4ng th\u00e0nh c\u00f4ng, ho\u1ea1t \u0111\u1ed9ng n\u00e0y \u0111\u01b0\u1ee3c mua l\u1ea1i b\u1edfi c\u00e1c qu\u1ea3n l\u00fd: Ren\u00e9 Pich, Gi\u00e1m \u0111\u1ed1c k\u1ef9 thu\u1eadt v\u00e0 Hubert Issaurat, Tr\u01b0\u1edfng ph\u00f2ng kinh doanh. C\u00f4ng ty c\u00f3 h\u01a1n 25 nh\u00e2n vi\u00ean v\u00e0 doanh thu \u0111\u1ea1t 2 MFRF cho 200 tpa.<\/span><\/p>\n<p><b>1987<\/b><span style=\"font-weight: 400\">\u00a0<\/span><\/p>\n<p><span style=\"font-weight: 400\">SNF mua l\u1ea1i c\u00e1c \u0111\u1ecba \u0111i\u1ec3m c\u00f4ng nghi\u1ec7p Chemtall t\u1ea1i\u00a0 Riceboro, Georgia, M\u1ef9. K\u1ec3 t\u1eeb \u0111\u00f3 n\u00f3 \u0111\u00e3 tr\u1edf th\u00e0nh \u0111\u1ecba \u0111i\u1ec3m s\u1ea3n xu\u1ea5t l\u1edbn nh\u1ea5t c\u1ee7a SNF.<\/span><\/p>\n<p><b>1993<\/b><span style=\"font-weight: 400\">\u00a0<\/span><\/p>\n<p><span style=\"font-weight: 400\">SNF k\u00ed h\u1ee3p \u0111\u1ed3ng v\u1edbi c\u00e1c c\u00f4ng ty trong l\u0129nh v\u1ef1c d\u1ea7u m\u1ecf Trung Qu\u1ed1c &#8211;\u00a0 Daqing \u0111\u1ec3 x\u00e2y d\u1ef1ng c\u00e1c nh\u00e0 m\u00e1y polymer l\u1edbn nh\u1ea5t tr\u00ean th\u1ebf gi\u1edbi.<\/span><\/p>\n<p><span style=\"font-weight: 400\">S\u1ef1 h\u1ee3p t\u00e1c ch\u1eb7t ch\u1ebd \u0111\u00e3 gi\u00fap \u0111\u1ea1t \u0111\u01b0\u1ee3c vi\u1ec7c x\u00e2y d\u1ef1ng th\u00e0nh c\u00f4ng c\u00e1c NCF t\u1ea1i Riceboro, M\u1ef9 \u0111\u1ec3 s\u1ea3n xu\u1ea5t c\u00e1c ca-ti-on monome.<\/span><\/p>\n<p><b>1999<\/b><\/p>\n<p><span style=\"font-weight: 400\">Vi\u1ec7c s\u1ea3n xu\u1ea5t enzyme c\u1ee7a acrylamide b\u1eaft \u0111\u1ea7u \u1edf Andrezieux v\u00e0 s\u1ea3n xu\u1ea5t c\u00e1c ca-ti-on monome b\u1eaft \u0111\u1ea7u \u1edf Saint-Avold.<\/span><\/p>\n<p><b>2006<\/b><span style=\"font-weight: 400\">\u00a0<\/span><\/p>\n<p><span style=\"font-weight: 400\">Ch\u1ee7 t\u1ecbch m\u1edbi c\u1ee7a SNF l\u00e0 Pascal Remy. \u0110\u1ea5t \u0111ai \u0111\u01b0\u1ee3c mua t\u1ea1i Vizag, \u1ea4n \u0110\u1ed9.<\/span><\/p>\n<p><b>2007<\/b><span style=\"font-weight: 400\">\u00a0<\/span><\/p>\n<p><span style=\"font-weight: 400\">SNF k\u00fd h\u1ee3p \u0111\u1ed3ng EOR l\u1edbn v\u1edbi PDO t\u1ea1i V\u01b0\u01a1ng qu\u1ed1c H\u1ed3i gi\u00e1o Oman.<\/span><\/p>\n<p><b>2011<\/b><span style=\"font-weight: 400\">\u00a0<\/span><\/p>\n<p><span style=\"font-weight: 400\">Vi\u1ec7c x\u00e2y d\u1ef1ng c\u00e1c \u0111\u1ecba \u0111i\u1ec3m s\u1ea3n xu\u1ea5t m\u1edbi t\u1ea1i Plaquemine, Louisiana b\u1eaft \u0111\u1ea7u. T\u1ea5t c\u1ea3 \u0111\u01b0\u1ee3c d\u00e0nh ri\u00eang cho ng\u00e0nh c\u00f4ng nghi\u1ec7p EOR. C\u00e1c tuy\u1ebfn m\u1edbi \u0111\u01b0\u1ee3c x\u00e2y d\u1ef1ng \u1edf Trung Qu\u1ed1c v\u00e0 Ph\u00e1p.<\/span><\/p>\n<p><b>2015<\/b><span style=\"font-weight: 400\">\u00a0<\/span><\/p>\n<p><span style=\"font-weight: 400\">B\u1eaft \u0111\u1ea7u c\u00e1c c\u00f4ng tr\u00ecnh t\u1ea1i \u0111\u1ecba \u0111i\u1ec3m s\u1ea3n xu\u1ea5t m\u1edbi c\u1ee7a t\u1ea1i Saratov, Nga, Billingham, V\u01b0\u01a1ng qu\u1ed1c Anh v\u00e0 Camacari, Brasil.<\/span><\/p>\n<p><span style=\"font-weight: 400\">\u00a0<\/span><\/p>\n","protected":false},"excerpt":{"rendered":"<p>C\u00f3 tr\u1ee5 s\u1edf ch\u00ednh \u0111\u01b0\u1ee3c \u0111\u1eb7t t\u1ea1i Ph\u00e1p, SNF l\u00e0 nh\u00e0 s\u1ea3n xu\u1ea5t polyacrylamide l\u1edbn nh\u1ea5t th\u1ebf gi\u1edbi C\u00e1c polyme tan trong n\u01b0\u1edbc \u0111\u01b0\u1ee3c s\u1eed d\u1ee5ng trong s\u1ea3n xu\u1ea5t n\u01b0\u1edbc u\u1ed1ng, x\u1eed l\u00fd n\u01b0\u1edbc th\u1ea3i, t\u0103ng c\u01b0\u1eddng ph\u1ee5c h\u1ed3i d\u1ea7u, khai th\u00e1c kho\u00e1ng s\u1ea3n, l\u00e0m gi\u1ea5y,trong n\u00f4ng nghi\u1ec7p, d\u1ec7t may v\u00e0 m\u1ef9 ph\u1ea9m. SNF hi\u1ec7n&#8230;<\/p>\n","protected":false},"author":2,"featured_media":0,"parent":0,"menu_order":0,"comment_status":"closed","ping_status":"closed","template":"","meta":{"_acf_changed":false,"footnotes":""},"class_list":["post-2760","page","type-page","status-publish","hentry"],"acf":[],"_links":{"self":[{"href":"https:\/\/greenchemsupply.com\/vi\/wp-json\/wp\/v2\/pages\/2760","targetHints":{"allow":["GET"]}}],"collection":[{"href":"https:\/\/greenchemsupply.com\/vi\/wp-json\/wp\/v2\/pages"}],"about":[{"href":"https:\/\/greenchemsupply.com\/vi\/wp-json\/wp\/v2\/types\/page"}],"author":[{"embeddable":true,"href":"https:\/\/greenchemsupply.com\/vi\/wp-json\/wp\/v2\/users\/2"}],"replies":[{"embeddable":true,"href":"https:\/\/greenchemsupply.com\/vi\/wp-json\/wp\/v2\/comments?post=2760"}],"version-history":[{"count":0,"href":"https:\/\/greenchemsupply.com\/vi\/wp-json\/wp\/v2\/pages\/2760\/revisions"}],"wp:attachment":[{"href":"https:\/\/greenchemsupply.com\/vi\/wp-json\/wp\/v2\/media?parent=2760"}],"curies":[{"name":"wp","href":"https:\/\/api.w.org\/{rel}","templated":true}]}}