{"id":2761,"date":"2025-12-01T07:26:04","date_gmt":"2025-12-01T00:26:04","guid":{"rendered":"https:\/\/greenchemsupply.bzz.vn\/?page_id=2761"},"modified":"2025-12-01T10:47:11","modified_gmt":"2025-12-01T03:47:11","slug":"chat-luong","status":"publish","type":"page","link":"https:\/\/greenchemsupply.com\/vi\/chat-luong\/","title":{"rendered":"Ch\u1ea5t L\u01b0\u1ee3ng"},"content":{"rendered":"<p>T\u01b0\u01a1ng lai c\u1ee7a SNF d\u1ef1a tr\u00ean t\u1ea7m nh\u00ecn ph\u00e1t tri\u1ec3n trung v\u00e0 d\u00e0i h\u1ea1n cho c\u00e1c s\u1ea3n ph\u1ea9m v\u00e0 th\u1ecb tr\u01b0\u1eddng. C\u00e1c chi\u1ebfn l\u01b0\u1ee3c h\u00e0nh \u0111\u1ed9ng c\u1ee7a ch\u00fang t\u00f4i ph\u1ee5 thu\u1ed9c v\u00e0o vi\u1ec7c li\u00ean t\u1ee5c c\u1ea3i thi\u1ec7n hi\u1ec7u su\u1ea5t v\u00e0 ho\u00e0n to\u00e0n \u0111\u1ecbnh h\u01b0\u1edbng \u0111\u1ebfn vi\u1ec7c H\u00c0I L\u00d2NG KH\u00c1CH H\u00c0NG. \u0110i\u1ec1u n\u00e0y lu\u00f4n lu\u00f4n l\u00e0 s\u1ef1 cam k\u1ebft c\u1ee7a t\u1ea5t c\u1ea3 m\u1ecdi ng\u01b0\u1eddi t\u1ea1i SNF.<\/p>\n<p><strong>M\u1ee5c ti\u00eau ch\u00ednh n\u00e0y s\u1ebd \u0111\u1ea1t \u0111\u01b0\u1ee3c th\u00f4ng qua<\/strong>:<\/p>\n<ul>\n<li>M\u1ed9t m\u1ed1i quan h\u1ec7 \u0110\u01a0N GI\u1ea2N, tr\u1ef1c ti\u1ebfp v\u00e0 c\u00e1 nh\u00e2n v\u1edbi kh\u00e1ch h\u00e0ng<\/li>\n<li>M\u1ed9t T\u1eacP TH\u1ec2 CH\u1ee6 \u0110\u1ed8NG d\u1ef1a tr\u00ean th\u1eddi gian cho ph\u00e9p v\u00e0 c\u00f3 kh\u1ea3 n\u0103ng cung c\u1ea5p c\u00e1c s\u1ea3n ph\u1ea9m ngay \u0111\u1ebfn tay kh\u00e1ch h\u00e0ng<\/li>\n<li>Kh\u00f4ng ng\u1eebng n\u00e2ng c\u1ea5p c\u00e1c C\u00d4NG TH\u1ee8C v\u00e0 QUY TR\u00ccNH nh\u1eb1m s\u1ea3n xu\u1ea5t v\u00e0 ph\u00e2n ph\u1ed1i \u0111\u01b0\u1ee3c c\u00e1c s\u1ea3n ph\u1ea9m ch\u1ea5t l\u01b0\u1ee3ng v\u1edbi chi ph\u00ed th\u1ea5p nh\u1ea5t<\/li>\n<li>Lu\u00f4n h\u01b0\u1edbng \u0111\u1ebfn kh\u00e1ch h\u00e0ng v\u00e0 kh\u00f4ng ng\u1eebng NGHI\u00caN C\u1ee8U c\u00e1c s\u1ea3n ph\u1ea9m v\u00e0 \u1ee9ng d\u1ee5ng m\u1edbi, tu\u00e2n th\u1ee7 theo LU\u1eacT HI\u1ec6N H\u00c0NH v\u00e0 d\u1ef1 \u0111o\u00e1n \u0111\u01b0\u1ee3c\u00a0\u00a0 c\u00e1c thay \u0111\u1ed5i,theo t\u1eebng qu\u1ed1c gia \u0111\u1ebfn t\u1eebng \u1ee9ng d\u1ee5ng<\/li>\n<li>M\u1ed9t S\u1ef0 THAM GIA N\u0102NG \u0110\u1ed8NG trong t\u1ea5t c\u1ea3 c\u00e1c t\u1ed5 ch\u1ee9c li\u00ean quan \u0111\u1ebfn vi\u1ec7c s\u1eed d\u1ee5ng c\u00e1c nguy\u00ean li\u1ec7u t\u1ef1 nhi\u00ean ch\u01b0a qua x\u1eed l\u00fd v\u00e0 c\u00e1c th\u00e0nh ph\u1ea9m c\u1ee7a ch\u00fang t\u00f4i.<\/li>\n<\/ul>\n","protected":false},"excerpt":{"rendered":"<p>T\u01b0\u01a1ng lai c\u1ee7a SNF d\u1ef1a tr\u00ean t\u1ea7m nh\u00ecn ph\u00e1t tri\u1ec3n trung v\u00e0 d\u00e0i h\u1ea1n cho c\u00e1c s\u1ea3n ph\u1ea9m v\u00e0 th\u1ecb tr\u01b0\u1eddng. C\u00e1c chi\u1ebfn l\u01b0\u1ee3c h\u00e0nh \u0111\u1ed9ng c\u1ee7a ch\u00fang t\u00f4i ph\u1ee5 thu\u1ed9c v\u00e0o vi\u1ec7c li\u00ean t\u1ee5c c\u1ea3i thi\u1ec7n hi\u1ec7u su\u1ea5t v\u00e0 ho\u00e0n to\u00e0n \u0111\u1ecbnh h\u01b0\u1edbng \u0111\u1ebfn vi\u1ec7c H\u00c0I L\u00d2NG KH\u00c1CH H\u00c0NG. \u0110i\u1ec1u n\u00e0y lu\u00f4n lu\u00f4n l\u00e0&#8230;<\/p>\n","protected":false},"author":2,"featured_media":0,"parent":0,"menu_order":0,"comment_status":"closed","ping_status":"closed","template":"","meta":{"_acf_changed":false,"footnotes":""},"class_list":["post-2761","page","type-page","status-publish","hentry"],"acf":[],"_links":{"self":[{"href":"https:\/\/greenchemsupply.com\/vi\/wp-json\/wp\/v2\/pages\/2761","targetHints":{"allow":["GET"]}}],"collection":[{"href":"https:\/\/greenchemsupply.com\/vi\/wp-json\/wp\/v2\/pages"}],"about":[{"href":"https:\/\/greenchemsupply.com\/vi\/wp-json\/wp\/v2\/types\/page"}],"author":[{"embeddable":true,"href":"https:\/\/greenchemsupply.com\/vi\/wp-json\/wp\/v2\/users\/2"}],"replies":[{"embeddable":true,"href":"https:\/\/greenchemsupply.com\/vi\/wp-json\/wp\/v2\/comments?post=2761"}],"version-history":[{"count":0,"href":"https:\/\/greenchemsupply.com\/vi\/wp-json\/wp\/v2\/pages\/2761\/revisions"}],"wp:attachment":[{"href":"https:\/\/greenchemsupply.com\/vi\/wp-json\/wp\/v2\/media?parent=2761"}],"curies":[{"name":"wp","href":"https:\/\/api.w.org\/{rel}","templated":true}]}}