{"id":2762,"date":"2025-12-01T07:26:20","date_gmt":"2025-12-01T00:26:20","guid":{"rendered":"https:\/\/greenchemsupply.bzz.vn\/?page_id=2762"},"modified":"2025-12-01T10:48:13","modified_gmt":"2025-12-01T03:48:13","slug":"rd","status":"publish","type":"page","link":"https:\/\/greenchemsupply.com\/vi\/rd\/","title":{"rendered":"R&amp;D"},"content":{"rendered":"<p><strong><span lang=\"VI\">NGHI\u00caN C\u1ee8U &amp; PH\u00c1T TRI\u1ec2N<\/span><\/strong><\/p>\n<p><strong><span lang=\"VI\">S\u1ef0 \u0110\u1ed4I M\u1edaI CH\u00cdNH L\u00c0 C\u1ed0T L\u00d5I TRONG CHI\u1ebeN L\u01af\u1ee2C C\u1ee6A CH\u00daNG T\u00d4I<\/span><\/strong><\/p>\n<p><span lang=\"VI\">M\u1ed7i n\u0103m SNF d\u00e0nh g\u1ea7n 2% doanh thu \u0111\u1ec3 ph\u00e1t tri\u1ec3n s\u1ea3n ph\u1ea9m v\u00e0 quy tr\u00ecnh m\u1edbi c\u0169ng nh\u01b0 c\u1ea3i thi\u1ec7n c\u00e1c lo\u1ea1i trang thi\u1ebft b\u1ecb.<\/span><\/p>\n<p><span lang=\"VI\">M\u1ed7i ng\u00e0y, c\u00e1c ph\u00f2ng th\u00ed nghi\u1ec7m nghi\u00ean c\u1ee9u c\u1ee7a SNF lu\u00f4n ph\u00e1t tri\u1ec3n c\u00e1c s\u1ea3n ph\u1ea9m m\u1edbi v\u00e0 \u0111\u01b0a ra c\u00e1c quy tr\u00ecnh \u0111\u00e1p \u1ee9ng \u0111\u01b0\u1ee3c nhi\u1ec1u nhu c\u1ea7u kh\u00e1c nhau c\u1ee7a c\u00e1c kh\u00e1ch h\u00e0ng trong ng\u00e0nh c\u00f4ng nghi\u1ec7p.<\/span><\/p>\n<p><span lang=\"VI\">Kh\u1ea3 n\u0103ng gi\u1ea3i quy\u1ebft nhanh ch\u00f3ng \u0111\u01b0\u1ee3c c\u00e1c v\u1ea5n \u0111\u1ec1 k\u1ef9 thu\u1eadt m\u1edbi c\u1ee7a SNF l\u00e0 c\u1ed1t l\u00f5i c\u1ee7a s\u1ef1 ph\u00e1t tri\u1ec3n to\u00e0n c\u1ea7u c\u1ee7a t\u1eadp \u0111o\u00e0n.<\/span><\/p>\n<p><span lang=\"VI\">Nh\u00f3m nghi\u00ean c\u1ee9u c\u1ee7a ch\u00fang t\u00f4i l\u00e0m vi\u1ec7c tr\u00ean vi\u1ec7c ph\u00e1t tri\u1ec3n c\u00e1c ph\u00e2n t\u1eed m\u1edbi b\u1eb1ng c\u00e1ch s\u1eed d\u1ee5ng c\u00e1c lo\u1ea1i kh\u00e1c nhau c\u1ee7a c\u00e1c\u00a0<\/span><span class=\"s2\">monome ch\u1ee9c n\u0103ng<\/span>, t\u1eeb \u0111\u00f3 c\u00f3 th\u1ec3 n\u00e2ng cao \u0111\u01b0\u1ee3c hi\u1ec7u su\u1ea5t c\u1ee7a s\u1ea3n ph\u1ea9m. M\u1ea1ng l\u01b0\u1edbi k\u1ef9 thu\u1eadt r\u1ed9ng l\u1edbn \u1edf \u0111\u1ecba ph\u01b0\u01a1ng c\u1ee7a ch\u00fang t\u00f4i cho ph\u00e9p vi\u1ec7c ki\u1ec3m tra c\u00e1c s\u1ea3n ph\u1ea9m m\u1edbi trong khu v\u1ef1c c\u1ee7a kh\u00e1ch h\u00e0ng.<\/p>\n<p><span lang=\"VI\">H\u01a1n n\u1eefa, SNF c\u00f3 s\u1ef1 ph\u1ed1i h\u1ee3p ch\u1eb7t ch\u1ebd v\u1edbi c\u00e1c ph\u00f2ng th\u00ed nghi\u1ec7m nghi\u00ean c\u1ee9u, m\u1ed9t s\u1ed1 kh\u00e1ch h\u00e0ng v\u00e0 c\u00e1c tr\u01b0\u1eddng \u0111\u1ea1i h\u1ecdc uy t\u00edn nh\u1ea5t.<\/span><\/p>\n<p><span lang=\"VI\">\u00a0<strong>C\u1ea2I THI\u1ec6N QUY TR\u00ccNH<\/strong><strong>\u00a0<\/strong><\/span><\/p>\n<p><span lang=\"VI\">Ngo\u00e0i \u0111\u1ed5i m\u1edbi s\u1ea3n ph\u1ea9m, SNF \u0111\u00f3ng g\u00f3p m\u1ed9t ph\u1ea7n \u0111\u00e1ng k\u1ec3 t\u1eeb ngu\u1ed3n l\u1ef1c c\u1ee7a m\u00ecnh \u0111\u1ec3 li\u00ean t\u1ee5c n\u00e2ng cao hi\u1ec7u qu\u1ea3 d\u00e2y chuy\u1ec1n s\u1ea3n xu\u1ea5t c\u1ee7a m\u00ecnh. K\u1ebft qu\u1ea3 l\u00e0, SNF c\u00f3 m\u1ed9t \u0111\u1ed9i ng\u0169 k\u1ef9 s\u01b0 thi\u1ebft k\u1ebf v\u00e0 tri\u1ec3n khai d\u00e2y chuy\u1ec1n s\u1ea3n xu\u1ea5t m\u1edbi tr\u00ean kh\u1eafp th\u1ebf gi\u1edbi. M\u1ed7i \u0111\u1ed9i ng\u0169 l\u00e0m t\u0103ng kh\u1ea3 n\u0103ng c\u1ea1nh tranh c\u1ee7a c\u00e1c c\u00f4ng c\u1ee5 s\u1ea3n xu\u1ea5t. H\u01a1n th\u1ebf n\u1eefa, ph\u01b0\u01a1ng ph\u00e1p n\u00e0y cho ph\u00e9p ch\u00fang t\u00f4i \u0111\u1ea3m b\u1ea3o vi\u1ec7c \u0111\u1ed3ng nh\u1ea5t v\u1ec1 ch\u1ea5t l\u01b0\u1ee3ng s\u1ea3n ph\u1ea9m cho kh\u00e1ch h\u00e0ng m\u00e0 kh\u00f4ng ph\u00e2n bi\u1ec7t khu v\u1ef1c s\u1ea3n xu\u1ea5t.<\/span><\/p>\n<p><strong><span lang=\"VI\">TRI\u1ec2N KHAI TH\u1ef0C HI\u1ec6N C\u00c1C S\u1ea2N PH\u1ea8M<\/span><\/strong><strong><span lang=\"VI\">\u00a0<\/span><\/strong><\/p>\n<p><span lang=\"VI\">Tay ngh\u1ec1 k\u1ef9 thu\u1eadt c\u1ee7a ch\u00fang t\u00f4i c\u0169ng cho ph\u00e9p vi\u1ec7c cung c\u1ea5p cho kh\u00e1ch h\u00e0ng thi\u1ebft b\u1ecb v\u00e0 h\u1ec7 th\u1ed1ng \u0111\u1ec3 gi\u00fap h\u1ecd s\u1eed d\u1ee5ng t\u1ed1i \u01b0u c\u00e1c s\u1ea3n ph\u1ea9m. \u0110i\u1ec1u n\u00e0y \u0111\u1eb7c bi\u1ec7t c\u1ea7n thi\u1ebft cho kh\u00e1ch h\u00e0ng trong ng\u00e0nh c\u00f4ng nghi\u1ec7p d\u1ea7u m\u1ecf, v\u00e0 SNF \u0111\u00e3 ph\u00e1t tri\u1ec3n m\u1ed9t lo\u1ea1t c\u00e1c h\u1ec7 th\u1ed1ng \u0111\u1ec3 \u0111\u00e1p \u1ee9ng c\u00e1c y\u00eau c\u1ea7u cho c\u00e1c d\u1ef1 \u00e1n th\u00ed \u0111i\u1ec3m tr\u1edf l\u00ean v\u00e0 bao g\u1ed3m c\u1ea3 c\u00e1c d\u1ef1 \u00e1n \u0111\u01b0\u1ee3c tri\u1ec3n khai \u1edf quy m\u00f4 l\u1edbn.<\/span><\/p>\n<p><span lang=\"VI\">\u0110\u1ed5i m\u1edbi l\u00e0 \u0111\u1ed9ng l\u1ef1c ch\u00ednh cho s\u1ef1 t\u0103ng tr\u01b0\u1edfng c\u1ee7a SNF. \u0110\u00f3 l\u00e0 l\u00fd do t\u1ea1i sao SNF t\u1eadp trung v\u00e0o nghi\u00ean c\u1ee9u v\u00e0 ph\u00e1t tri\u1ec3n.<\/span><\/p>\n<p><span lang=\"VI\">T\u1ea7m quan tr\u1ecdng c\u1ee7a m\u1ea1ng l\u01b0\u1edbi to\u00e0n c\u1ea7u v\u00e0 s\u1ef1 c\u1ed9ng t\u00e1c t\u1eeb trong c\u00e1c \u0111\u01a1n v\u1ecb s\u1ea3n xu\u1ea5t c\u1ee7a \u0111\u1ed9i ng\u0169 ch\u00fang t\u00f4i t\u1edbi nh\u1eefng ng\u01b0\u1eddi cu\u1ed1i c\u00f9ng s\u1eed d\u1ee5ng s\u1ea3n ph\u1ea9m \u0111\u00e3 lu\u00f4n \u0111\u01b0\u1ee3c c\u00f4ng nh\u1eadn l\u00e0 m\u1ed9t y\u1ebfu t\u1ed1 quan tr\u1ecdng c\u1ee7a s\u1ef1 \u0111\u1ed5i m\u1edbi.\u00a0<\/span><\/p>\n<p><span lang=\"VI\">V\u1edbi s\u1ef1 nghi\u00ean c\u1ee9u ph\u00e1t tri\u1ec3n m\u1ea1nh m\u1ebd v\u00e0 hi\u1ec7u qu\u1ea3, m\u1ed9t m\u1ea1ng l\u01b0\u1edbi c\u00e1c \u0111\u1ed1i t\u00e1c qu\u1ed1c t\u1ebf c\u0169ng nh\u01b0 s\u1ef1 t\u1eadp trung v\u00e0o c\u00e1c l\u0129nh v\u1ef1c ph\u00e1t tri\u1ec3n th\u1ecb tr\u01b0\u1eddng, ch\u00fang t\u00f4i \u0111ang \u0111\u1eb7t n\u1ec1n m\u00f3ng cho s\u1ef1 th\u00e0nh c\u00f4ng trong t\u01b0\u01a1ng lai c\u1ee7a SNF. Ho\u1ea1t \u0111\u1ed9ng c\u1ee7a ch\u00fang t\u00f4i l\u00e0 t\u1eadp trung v\u00e0o nhu c\u1ea7u c\u1ee7a kh\u00e1ch h\u00e0ng. M\u1ee5c ti\u00eau ch\u00ednh l\u00e0 \u0111\u1ec3 t\u1ed1i \u01b0u h\u00f3a s\u1ef1 ph\u00e1t tri\u1ec3n c\u1ee7a c\u00e1c ph\u00e2n t\u1eed m\u1edbi \u0111\u01b0\u1ee3c t\u00ecm th\u1ea5y t\u1eeb nghi\u00ean c\u1ee9u v\u00e0 cung c\u1ea5p m\u1ed9t c\u00e1ch hi\u1ec7u qu\u1ea3 h\u01a1n v\u1ec1 vi\u1ec7c h\u1ed7 tr\u1ee3 k\u1ef9 thu\u1eadt cho kh\u00e1ch h\u00e0ng c\u1ee7a SNF trong l\u0129nh v\u1ef1c n\u00e0y.<\/span><\/p>\n<p><strong><span lang=\"VI\">150 nh\u00e0 khoa h\u1ecdc v\u00e0 k\u1ef9 thu\u1eadt<\/span><\/strong><\/p>\n<p><strong>100 nh\u00e2n l\u1ef1c trong \u0111\u1ed9i ng\u0169 K\u1ef9 thu\u1eadt<\/strong><\/p>\n<p><strong>120 k\u1ef9 thu\u1eadt chuy\u00ean m\u00f4n<\/strong><\/p>\n<p><strong>100 s\u1ea3n ph\u1ea9m m\u1edbi ho\u1eb7c c\u00e1c c\u00f4ng th\u1ee9c m\u1ed7i n\u0103m<\/strong><\/p>\n<p><strong>500 b\u1eb1ng s\u00e1ng ch\u1ebf<\/strong><\/p>\n<p><strong>\u0110\u1ed9i ng\u0169 C\u00f4ng ngh\u1ec7 &amp; Ti\u1ebfp th\u1ecb\u00a0<\/strong><\/p>\n<p><span class=\"s2\"><strong>Ph\u01b0\u01a1ng ph\u00e1p enzyme h\u00f3a m\u1ec1m \u0111\u1ed9c \u0111\u00e1o (\u00a0<\/strong><\/span><span class=\"s3\"><strong>Unique soft chemistry enzymatic process )<\/strong><\/span><\/p>\n","protected":false},"excerpt":{"rendered":"<p>NGHI\u00caN C\u1ee8U &amp; PH\u00c1T TRI\u1ec2N S\u1ef0 \u0110\u1ed4I M\u1edaI CH\u00cdNH L\u00c0 C\u1ed0T L\u00d5I TRONG CHI\u1ebeN L\u01af\u1ee2C C\u1ee6A CH\u00daNG T\u00d4I M\u1ed7i n\u0103m SNF d\u00e0nh g\u1ea7n 2% doanh thu \u0111\u1ec3 ph\u00e1t tri\u1ec3n s\u1ea3n ph\u1ea9m v\u00e0 quy tr\u00ecnh m\u1edbi c\u0169ng nh\u01b0 c\u1ea3i thi\u1ec7n c\u00e1c lo\u1ea1i trang thi\u1ebft b\u1ecb. M\u1ed7i ng\u00e0y, c\u00e1c ph\u00f2ng th\u00ed nghi\u1ec7m nghi\u00ean c\u1ee9u c\u1ee7a SNF lu\u00f4n&#8230;<\/p>\n","protected":false},"author":2,"featured_media":0,"parent":0,"menu_order":0,"comment_status":"closed","ping_status":"closed","template":"","meta":{"_acf_changed":false,"footnotes":""},"class_list":["post-2762","page","type-page","status-publish","hentry"],"acf":[],"_links":{"self":[{"href":"https:\/\/greenchemsupply.com\/vi\/wp-json\/wp\/v2\/pages\/2762","targetHints":{"allow":["GET"]}}],"collection":[{"href":"https:\/\/greenchemsupply.com\/vi\/wp-json\/wp\/v2\/pages"}],"about":[{"href":"https:\/\/greenchemsupply.com\/vi\/wp-json\/wp\/v2\/types\/page"}],"author":[{"embeddable":true,"href":"https:\/\/greenchemsupply.com\/vi\/wp-json\/wp\/v2\/users\/2"}],"replies":[{"embeddable":true,"href":"https:\/\/greenchemsupply.com\/vi\/wp-json\/wp\/v2\/comments?post=2762"}],"version-history":[{"count":0,"href":"https:\/\/greenchemsupply.com\/vi\/wp-json\/wp\/v2\/pages\/2762\/revisions"}],"wp:attachment":[{"href":"https:\/\/greenchemsupply.com\/vi\/wp-json\/wp\/v2\/media?parent=2762"}],"curies":[{"name":"wp","href":"https:\/\/api.w.org\/{rel}","templated":true}]}}