{"id":2763,"date":"2025-12-01T07:26:33","date_gmt":"2025-12-01T00:26:33","guid":{"rendered":"https:\/\/greenchemsupply.bzz.vn\/?page_id=2763"},"modified":"2025-12-01T10:48:53","modified_gmt":"2025-12-01T03:48:53","slug":"hse","status":"publish","type":"page","link":"https:\/\/greenchemsupply.com\/vi\/hse\/","title":{"rendered":"HSE"},"content":{"rendered":"<p><strong>NG\u01af\u1edcI TI\u00caN PHONG TRONG L\u0128NH V\u1ef0C HO\u00c1 M\u1ec0M<\/strong><\/p>\n<p>S\u1ea3n ph\u1ea9m c\u1ee7a SNF gi\u00fap b\u1ea3o v\u1ec7 t\u00e0i nguy\u00ean thi\u00ean nhi\u00ean. T\u01b0\u01a1ng t\u1ef1 nh\u01b0 v\u1eady, c\u00e1c quy tr\u00ecnh s\u1ea3n xu\u1ea5t c\u1ee7a ch\u00fang t\u00f4i \u0111\u01b0\u1ee3c thi\u1ebft k\u1ebf \u0111\u1ec3 gi\u1ea3m thi\u1ec3u c\u00e1c t\u00e1c \u0111\u1ed9ng l\u00ean m\u00f4i tr\u01b0\u1eddng b\u1edfi c\u00e1c ho\u1ea1t \u0111\u1ed9ng s\u1ea3n xu\u1ea5t. Do \u0111\u00f3, monomer ch\u00ednh c\u1ee7a ch\u00fang t\u00f4i s\u1ea3n xu\u1ea5t enzyme \u1edf nhi\u1ec7t \u0111\u1ed9 ph\u00f2ng d\u01b0\u1edbi \u00e1p su\u1ea5t kh\u00ed quy\u1ec3n. V\u1edbi kh\u1ed1i l\u01b0\u1ee3ng tham gia, qu\u00e1 tr\u00ecnh x\u00fac t\u00e1c sinh h\u1ecdc n\u00e0y \u0111\u00e3 gi\u00fap ch\u00fang t\u00f4i tr\u1edf th\u00e0nh\u00a0 ng\u01b0\u1eddi ti\u00ean phong trong l\u0129nh v\u1ef1c h\u00f3a m\u1ec1m.<\/p>\n<p>S\u1ef1 an to\u00e0n, s\u1ee9c kh\u1ecfe v\u00e0 ph\u00fac l\u1ee3i c\u1ee7a t\u1ea5t c\u1ea3 nh\u00e2n vi\u00ean SNF l\u00e0 \u0111i\u1ec1u quan tr\u1ecdng nh\u1ea5t c\u1ee7a t\u1eadp \u0111o\u00e0n ch\u00fang t\u00f4i. Nh\u1eefng gi\u00e1 tr\u1ecb c\u1ed1t l\u00f5i n\u00e0y gi\u00fap \u0111\u1ea3m b\u1ea3o r\u1eb1ng SNF \u0111ang v\u1eadn h\u00e0nh m\u1ed9t c\u00f4ng vi\u1ec7c kinh doanh th\u1ef1c t\u1ebf v\u00e0 hi\u1ec7u qu\u1ea3.<\/p>\n<p>SNF li\u00ean t\u1ee5c c\u1ea3i ti\u1ebfn quy tr\u00ecnh \u0111\u1ec3 b\u1ea3o v\u1ec7 m\u00f4i tr\u01b0\u1eddng, v\u00e0 nhi\u1ec1u c\u1ea3i c\u00e1ch \u0111\u00e3 \u0111\u01b0\u1ee3c th\u1ef1c hi\u1ec7n t\u1ea1i c\u00e1c nh\u00e0 m\u00e1y c\u1ee7a ch\u00fang t\u00f4i \u0111\u1ec3 h\u1ea1n ch\u1ebf c\u00e1c ch\u1ea5t th\u1ea3i v\u00e0 \u00f4 nhi\u1ec5m.<\/p>\n<p>Qu\u00e1 tr\u00ecnh ti\u00eau th\u1ee5 m\u1ed9t l\u01b0\u1ee3ng l\u1edbn n\u01b0\u1edbc \u0111\u00e3 \u0111\u01b0\u1ee3c lo\u1ea1i b\u1ecf, do \u0111\u00f3 \u0111\u00e3 gi\u1ea3m \u0111i g\u1ea5p b\u1ea3y l\u1ea7n l\u01b0\u1ee3ng n\u01b0\u1edbc ti\u00eau th\u1ee5 cho m\u1ed7i s\u1ea3n ph\u1ea9m trong v\u00f2ng m\u01b0\u1eddi n\u0103m.<\/p>\n<p>H\u01a1n n\u1eefa, n\u01b0\u1edbc r\u1eeda \u0111\u01b0\u1ee3c t\u00e1i l\u01b0u th\u00f4ng qua qu\u00e1 tr\u00ecnh c\u00e0i \u0111\u1eb7t, \u0111\u1ec3 ti\u1ebft ki\u1ec7m s\u1ed1 l\u01b0\u1ee3ng c\u1ea7n thi\u1ebft \u0111\u1ebfn 70%. S\u1ef1 ch\u1ecdn l\u1ecdc c\u00e1c qu\u00e1 tr\u00ecnh, thi\u1ebft k\u1ebf, l\u1eafp \u0111\u1eb7t v\u00e0 \u0111\u00e0o t\u1ea1o nh\u00e2n vi\u00ean \u0111\u1ea3m b\u1ea3o r\u1eb1ng c\u00e1c ho\u1ea1t \u0111\u1ed9ng s\u1ea3n xu\u1ea5t v\u1eadn h\u00e0nh c\u1ef1c k\u1ef3 an to\u00e0n.<\/p>\n<p><strong>QUY TR\u00ccNH C\u1ee6A SNF<\/strong><\/p>\n<ul>\n<li>Tri\u1ec3n khai\u00a0c\u00e1c c\u00f4ng ngh\u1ec7 an to\u00e0n v\u00e0 hi\u1ec7u qu\u1ea3,b\u1ea3o v\u1ec7 m\u00f4i tr\u01b0\u1eddng<\/li>\n<li>Gi\u1ea3m thi\u1ec3u c\u00e1c t\u00e1c \u0111\u1ed9ng t\u1eeb d\u00e2y chuy\u1ec1n s\u1ea3n xu\u1ea5t l\u00ean m\u00f4i tr\u01b0\u1eddng<\/li>\n<li>B\u1ea3o v\u1ec7 t\u00e0i nguy\u00ean, gi\u1ea3m thi\u1ec3u ch\u1ea5t th\u1ea3i v\u00e0 x\u1eed l\u00fd \u0111\u1ec3 kh\u00f4ng \u0111em \u0111\u1ebfn r\u1ee7i ro cho m\u00f4i tr\u01b0\u1eddng<\/li>\n<li>H\u1ee3p t\u00e1c v\u1edbi c\u00e1c kh\u00e1ch h\u00e0ng v\u00e0 c\u00e1c c\u01a1 quan ch\u1ee9c n\u0103ng \u0111\u1ec3 tri\u1ec3n khai v\u00e0 ho\u00e0n thi\u1ec7n s\u1ea3n ph\u1ea9m c\u00f9ng v\u1edbi vi\u1ec7c gi\u1ea3m thi\u1ec3u t\u00e1c \u0111\u1ed9ng c\u1ee7a ch\u00fang \u0111\u1ed1i v\u1edbi s\u1ee9c kh\u1ecfe v\u00e0 m\u00f4i tr\u01b0\u1eddng<\/li>\n<li>Ph\u00e1t tri\u1ec3n c\u00e1c ph\u01b0\u01a1ng ph\u00e1p hi\u1ec7u su\u1ea5t cao<\/li>\n<li>\u0110\u00e0o t\u1ea1o nh\u00e2n vi\u00ean v\u1edbi k\u1ef9 thu\u1eadt v\u00e0 nh\u1eadn th\u1ee9c an to\u00e0n cho ng\u00e0nh c\u00f4ng nghi\u1ec7p v\u00e0 v\u00e0 b\u1ea3o v\u1ec7 m\u00f4i tr\u01b0\u1eddng<\/li>\n<\/ul>\n","protected":false},"excerpt":{"rendered":"<p>NG\u01af\u1edcI TI\u00caN PHONG TRONG L\u0128NH V\u1ef0C HO\u00c1 M\u1ec0M S\u1ea3n ph\u1ea9m c\u1ee7a SNF gi\u00fap b\u1ea3o v\u1ec7 t\u00e0i nguy\u00ean thi\u00ean nhi\u00ean. T\u01b0\u01a1ng t\u1ef1 nh\u01b0 v\u1eady, c\u00e1c quy tr\u00ecnh s\u1ea3n xu\u1ea5t c\u1ee7a ch\u00fang t\u00f4i \u0111\u01b0\u1ee3c thi\u1ebft k\u1ebf \u0111\u1ec3 gi\u1ea3m thi\u1ec3u c\u00e1c t\u00e1c \u0111\u1ed9ng l\u00ean m\u00f4i tr\u01b0\u1eddng b\u1edfi c\u00e1c ho\u1ea1t \u0111\u1ed9ng s\u1ea3n xu\u1ea5t. Do \u0111\u00f3, monomer ch\u00ednh c\u1ee7a ch\u00fang&#8230;<\/p>\n","protected":false},"author":2,"featured_media":0,"parent":0,"menu_order":0,"comment_status":"closed","ping_status":"closed","template":"","meta":{"_acf_changed":false,"footnotes":""},"class_list":["post-2763","page","type-page","status-publish","hentry"],"acf":[],"_links":{"self":[{"href":"https:\/\/greenchemsupply.com\/vi\/wp-json\/wp\/v2\/pages\/2763","targetHints":{"allow":["GET"]}}],"collection":[{"href":"https:\/\/greenchemsupply.com\/vi\/wp-json\/wp\/v2\/pages"}],"about":[{"href":"https:\/\/greenchemsupply.com\/vi\/wp-json\/wp\/v2\/types\/page"}],"author":[{"embeddable":true,"href":"https:\/\/greenchemsupply.com\/vi\/wp-json\/wp\/v2\/users\/2"}],"replies":[{"embeddable":true,"href":"https:\/\/greenchemsupply.com\/vi\/wp-json\/wp\/v2\/comments?post=2763"}],"version-history":[{"count":0,"href":"https:\/\/greenchemsupply.com\/vi\/wp-json\/wp\/v2\/pages\/2763\/revisions"}],"wp:attachment":[{"href":"https:\/\/greenchemsupply.com\/vi\/wp-json\/wp\/v2\/media?parent=2763"}],"curies":[{"name":"wp","href":"https:\/\/api.w.org\/{rel}","templated":true}]}}